{"id":3388,"date":"2020-05-05T12:44:23","date_gmt":"2020-05-05T10:44:23","guid":{"rendered":"http:\/\/energiris.coop\/nl\/?page_id=3388"},"modified":"2020-06-23T11:12:21","modified_gmt":"2020-06-23T09:12:21","slug":"jobs","status":"publish","type":"page","link":"https:\/\/energiris.coop\/nl\/jobs\/","title":{"rendered":"Jobs"},"content":{"rendered":"<p>[vc_row][vc_column][vc_column_text]<\/p>\n<h2>Bent u ge\u00efnteresseerd in de <strong>energietransitie <\/strong>en<br \/>\nwilt u de productie van <strong>duurzame energie bevorderen<\/strong>?<\/h2>\n<p>We zijn momenteel op zoek naar verschillende profielen.<br \/>\nKlik op de links om de functiebeschrijvingen te downloaden.<\/p>\n<p>&nbsp;<\/p>\n<h3>Vrijwilligers (NL of FR):<\/h3>\n<ul>\n<li><a href=\"http:\/\/energiris.coop\/wp-content\/uploads\/2020\/05\/Appel-\u00e0-b\u00e9n\u00e9voles-Ambassador.pdf\" target=\"_blank\" rel=\"noopener noreferrer\">Ambassador (PDF)<\/a><\/li>\n<li><a href=\"http:\/\/energiris.coop\/wp-content\/uploads\/2020\/05\/Appel-\u00e0-b\u00e9n\u00e9voles-Business-Developer.pdf\" target=\"_blank\" rel=\"noopener noreferrer\">Business Developer (PDF)<\/a><\/li>\n<li><a href=\"http:\/\/energiris.coop\/wp-content\/uploads\/2020\/05\/Appel-\u00e0-b\u00e9n\u00e9voles-Events-logistics.pdf\" target=\"_blank\" rel=\"noopener noreferrer\">Events logistics (PDF)<\/a><\/li>\n<li><a href=\"http:\/\/energiris.coop\/wp-content\/uploads\/2020\/05\/Appel-\u00e0-b\u00e9n\u00e9voles-Legal-Advisor.pdf\" target=\"_blank\" rel=\"noopener noreferrer\">Legal Advisor (PDF)<\/a><\/li>\n<li><a href=\"http:\/\/energiris.coop\/wp-content\/uploads\/2020\/05\/Appel-\u00e0-b\u00e9n\u00e9voles-Press-_-Community-Manager.pdf\" target=\"_blank\" rel=\"noopener noreferrer\">Press_Community Manager (PDF)<\/a><\/li>\n<li><a href=\"http:\/\/energiris.coop\/wp-content\/uploads\/2020\/05\/Appel-\u00e0-b\u00e9n\u00e9voles-Social-media-officer.pdf\" target=\"_blank\" rel=\"noopener noreferrer\">Social media officer (PDF)<\/a><\/li>\n<li><a href=\"http:\/\/energiris.coop\/wp-content\/uploads\/2020\/05\/Appel-\u00e0-b\u00e9n\u00e9voles-Traducteur.trice-FR-NL.pdf\" target=\"_blank\" rel=\"noopener noreferrer\">Vertaler FR-NL (PDF)<\/a><\/li>\n<li><a href=\"http:\/\/energiris.coop\/wp-content\/uploads\/2020\/05\/Appel-\u00e0-b\u00e9n\u00e9voles-Web-content-Officer.pdf\" target=\"_blank\" rel=\"noopener noreferrer\">Web content Officer (PDF)<\/a><\/li>\n<\/ul>\n<p>Aarzel niet <a href=\"https:\/\/energiris.coop\/nl\/neem-contact-met-ons-op\/\">ons contacteren<\/a> indien u vragen hebt.<\/p>\n<p>[\/vc_column_text][\/vc_column][\/vc_row]<\/p>\n","protected":false},"excerpt":{"rendered":"<p>[vc_row][vc_column][vc_column_text] Bent u ge\u00efnteresseerd in de energietransitie en wilt u de productie van duurzame energie bevorderen? We zijn momenteel op zoek naar verschillende profielen. Klik op de links om de functiebeschrijvingen te downloaden. &nbsp; Vrijwilligers (NL of FR): Ambassador (PDF) Business Developer (PDF) Events logistics (PDF) Legal Advisor (PDF) Press_Community Manager (PDF) Social media officer [&hellip;]<\/p>\n","protected":false},"author":734,"featured_media":0,"parent":0,"menu_order":0,"comment_status":"closed","ping_status":"closed","template":"","meta":{"footnotes":""},"class_list":["post-3388","page","type-page","status-publish","hentry"],"_links":{"self":[{"href":"https:\/\/energiris.coop\/nl\/wp-json\/wp\/v2\/pages\/3388","targetHints":{"allow":["GET"]}}],"collection":[{"href":"https:\/\/energiris.coop\/nl\/wp-json\/wp\/v2\/pages"}],"about":[{"href":"https:\/\/energiris.coop\/nl\/wp-json\/wp\/v2\/types\/page"}],"author":[{"embeddable":true,"href":"https:\/\/energiris.coop\/nl\/wp-json\/wp\/v2\/users\/734"}],"replies":[{"embeddable":true,"href":"https:\/\/energiris.coop\/nl\/wp-json\/wp\/v2\/comments?post=3388"}],"version-history":[{"count":7,"href":"https:\/\/energiris.coop\/nl\/wp-json\/wp\/v2\/pages\/3388\/revisions"}],"predecessor-version":[{"id":3522,"href":"https:\/\/energiris.coop\/nl\/wp-json\/wp\/v2\/pages\/3388\/revisions\/3522"}],"wp:attachment":[{"href":"https:\/\/energiris.coop\/nl\/wp-json\/wp\/v2\/media?parent=3388"}],"curies":[{"name":"wp","href":"https:\/\/api.w.org\/{rel}","templated":true}]}}