{"id":2638,"date":"2017-07-06T09:45:03","date_gmt":"2017-07-06T07:45:03","guid":{"rendered":"http:\/\/energiris.coop\/nl\/?page_id=2638"},"modified":"2017-07-06T09:45:03","modified_gmt":"2017-07-06T07:45:03","slug":"onze-projecten","status":"publish","type":"page","link":"http:\/\/energiris.coop\/nl\/onze-projecten\/","title":{"rendered":"Onze projecten"},"content":{"rendered":"<div id=\"recent-portfolio-1\" class=\"child-element-shortcode recent-portfolio v1  animate-yes ninzio-clearfix grid_3\"><div class=\"post hentry ninzio-clearfix\" data-grid=\"ninzio_01\"><div class=\"ninzio-thumbnail\"><img loading=\"lazy\" decoding=\"async\" width=\"600\" height=\"480\" src=\"http:\/\/energiris.coop\/wp-content\/uploads\/2022\/09\/solar-panel-7430260-600x480.jpg\" class=\"attachment-Ninzio-Half size-Ninzio-Half wp-post-image\" alt=\"\" \/><div class=\"ninzio-overlay\"><a class=\"ninzio-more\" href=\"http:\/\/energiris.coop\/nl\/portfolio\/climact\/\">&nbsp;<\/a><\/div><\/div><div class=\"post-body\"><h3 class=\"post-title entry-title\"><a href=\"http:\/\/energiris.coop\/nl\/portfolio\/climact\/\">Climact<\/a><\/h3><div class=\"project-category\"><a href=\"http:\/\/energiris.coop\/nl\/portfolio-category\/fotovoltaisch-nl\/\">Fotovolta\u00efsch<\/a><span class=\"comma\">, <\/span><\/div><div class=\"hidden\"><span class=\"date updated\">17\/09\/2022<\/span><span class=\"vcard author\"><span class=\"fn\">Fabian Hiernaux<\/span><\/span><\/div><\/div><\/div><div class=\"post hentry ninzio-clearfix\" data-grid=\"ninzio_01\"><div class=\"ninzio-thumbnail\"><img loading=\"lazy\" decoding=\"async\" width=\"382\" height=\"261\" src=\"http:\/\/energiris.coop\/wp-content\/uploads\/2022\/09\/lutgardiscollege.png\" class=\"attachment-Ninzio-Half size-Ninzio-Half wp-post-image\" alt=\"\" srcset=\"http:\/\/energiris.coop\/wp-content\/uploads\/2022\/09\/lutgardiscollege.png 382w, http:\/\/energiris.coop\/wp-content\/uploads\/2022\/09\/lutgardiscollege-300x205.png 300w\" sizes=\"auto, (max-width: 382px) 100vw, 382px\" \/><div class=\"ninzio-overlay\"><a class=\"ninzio-more\" href=\"http:\/\/energiris.coop\/nl\/portfolio\/sint-lutgardis-college\/\">&nbsp;<\/a><\/div><\/div><div class=\"post-body\"><h3 class=\"post-title entry-title\"><a href=\"http:\/\/energiris.coop\/nl\/portfolio\/sint-lutgardis-college\/\">Sint-Lutgardis college<\/a><\/h3><div class=\"project-category\"><a href=\"http:\/\/energiris.coop\/nl\/portfolio-category\/fotovoltaisch-nl\/\">Fotovolta\u00efsch<\/a><span class=\"comma\">, <\/span><\/div><div class=\"hidden\"><span class=\"date updated\">17\/09\/2022<\/span><span class=\"vcard author\"><span class=\"fn\">Fabian Hiernaux<\/span><\/span><\/div><\/div><\/div><div class=\"post hentry ninzio-clearfix\" data-grid=\"ninzio_01\"><div class=\"ninzio-thumbnail\"><img loading=\"lazy\" decoding=\"async\" width=\"448\" height=\"297\" src=\"http:\/\/energiris.coop\/wp-content\/uploads\/2014\/06\/Jette-comp.jpg\" class=\"attachment-Ninzio-Half size-Ninzio-Half wp-post-image\" alt=\"\" srcset=\"http:\/\/energiris.coop\/wp-content\/uploads\/2014\/06\/Jette-comp.jpg 448w, http:\/\/energiris.coop\/wp-content\/uploads\/2014\/06\/Jette-comp-300x199.jpg 300w\" sizes=\"auto, (max-width: 448px) 100vw, 448px\" \/><div class=\"ninzio-overlay\"><a class=\"ninzio-more\" href=\"http:\/\/energiris.coop\/nl\/portfolio\/pando-2020\/\">&nbsp;<\/a><\/div><\/div><div class=\"post-body\"><h3 class=\"post-title entry-title\"><a href=\"http:\/\/energiris.coop\/nl\/portfolio\/pando-2020\/\">PANDO &#8211; 2020<\/a><\/h3><div class=\"project-category\"><a href=\"http:\/\/energiris.coop\/nl\/portfolio-category\/fotovoltaisch-nl\/\">Fotovolta\u00efsch<\/a><span class=\"comma\">, <\/span><\/div><div class=\"hidden\"><span class=\"date updated\">17\/09\/2022<\/span><span class=\"vcard author\"><span class=\"fn\">Fabian Hiernaux<\/span><\/span><\/div><\/div><\/div><\/div>\n","protected":false},"excerpt":{"rendered":"Via het partnerbedrijf PANDO heeft onze co\u00f6peratie voor een totaalbedrag van 100.000 euro aan burgerfinanciering verstrekt voor diverse fotovolta\u00efsche installaties: Avenue Ariane Bricomat Kelly 1 Eglise Br\u00e9sil Memnon","protected":false},"author":144,"featured_media":0,"parent":0,"menu_order":0,"comment_status":"closed","ping_status":"closed","template":"","meta":{"footnotes":""},"class_list":["post-2638","page","type-page","status-publish","hentry"],"_links":{"self":[{"href":"http:\/\/energiris.coop\/nl\/wp-json\/wp\/v2\/pages\/2638","targetHints":{"allow":["GET"]}}],"collection":[{"href":"http:\/\/energiris.coop\/nl\/wp-json\/wp\/v2\/pages"}],"about":[{"href":"http:\/\/energiris.coop\/nl\/wp-json\/wp\/v2\/types\/page"}],"author":[{"embeddable":true,"href":"http:\/\/energiris.coop\/nl\/wp-json\/wp\/v2\/users\/144"}],"replies":[{"embeddable":true,"href":"http:\/\/energiris.coop\/nl\/wp-json\/wp\/v2\/comments?post=2638"}],"version-history":[{"count":1,"href":"http:\/\/energiris.coop\/nl\/wp-json\/wp\/v2\/pages\/2638\/revisions"}],"predecessor-version":[{"id":2639,"href":"http:\/\/energiris.coop\/nl\/wp-json\/wp\/v2\/pages\/2638\/revisions\/2639"}],"wp:attachment":[{"href":"http:\/\/energiris.coop\/nl\/wp-json\/wp\/v2\/media?parent=2638"}],"curies":[{"name":"wp","href":"https:\/\/api.w.org\/{rel}","templated":true}]}}