{"id":2364,"date":"2017-03-19T14:09:54","date_gmt":"2017-03-19T13:09:54","guid":{"rendered":"http:\/\/energiris.coop\/nl\/?page_id=2364"},"modified":"2022-09-04T16:32:27","modified_gmt":"2022-09-04T14:32:27","slug":"6-redenen-om-cooper-actor-te-worden-van-energiris","status":"publish","type":"page","link":"http:\/\/energiris.coop\/nl\/6-redenen-om-cooper-actor-te-worden-van-energiris\/","title":{"rendered":"6 redenen om co\u00f6per-actor te worden van ENERGIRIS"},"content":{"rendered":"<p>[vc_row][vc_column width=&#8221;1\/3&#8243;][vc_column_text]<div id=\"content-box-1\" class=\"child-element-shortcode content-box v2 animate-no ninzio-clearfix columns-1\"><div id=\"box-1\" class=\"box\"><style scoped>#box-1 .icon-wrap {background-color:#FFAF23;}.content-box.v1 #box-1:hover {background-color:#FFAF23;}.content-box.v1 #box-1:hover .icon-wrap i {color:#FFAF23!important;}.content-box #box-1 .icon-wrap-border {border-color:rgba(255,175,35,0.7);}#box-1 .icon-wrap i {color:#FFFFFF;}<\/style><div class=\"icon-container\"><div class=\"icon-wrap-border\"><div class=\"icon-wrap\"><i class=\"fa fa-fa fa-flash\"><\/i><\/div><\/div><\/div><div class='box-text'><p class=\"box-content\">Via de aankoop van aandelen van ENERGIRIS vul je jouw spaarstrategie aan en tegelijk heb je een echte <strong><span lang=\"fr-BE\">impact op de versnelling van de energietransitie<\/span><\/strong>.<\/p><\/div><\/div><\/div>[\/vc_column_text][\/vc_column][vc_column width=&#8221;1\/3&#8243;][vc_column_text]<div id=\"content-box-2\" class=\"child-element-shortcode content-box v2 animate-no ninzio-clearfix columns-1\"><div id=\"box-2\" class=\"box\"><style scoped>#box-2 .icon-wrap {background-color:#FFAF23;}.content-box.v1 #box-2:hover {background-color:#FFAF23;}.content-box.v1 #box-2:hover .icon-wrap i {color:#FFAF23!important;}.content-box #box-2 .icon-wrap-border {border-color:rgba(255,175,35,0.7);}#box-2 .icon-wrap i {color:#FFFFFF;}<\/style><div class=\"icon-container\"><div class=\"icon-wrap-border\"><div class=\"icon-wrap\"><i class=\"fa fa-fa fa-refresh\"><\/i><\/div><\/div><\/div><div class='box-text'><p class=\"box-content\"><strong>Investeringen die kort op de bal spelen\u00a0<\/strong>en een lichte organisatie die het rendement optimaliseert: financiering van projecten dichtbij jou, zonder de ingewikkelde en dure tussenkomst van allerlei intermediairen die geen toegevoegde waarde cre\u00ebren.<\/p><\/div><\/div><\/div>[\/vc_column_text][\/vc_column][vc_column last=&#8221;yes&#8221; width=&#8221;1\/3&#8243;][vc_column_text]<div id=\"content-box-3\" class=\"child-element-shortcode content-box v2 animate-no ninzio-clearfix columns-1\"><div id=\"box-3\" class=\"box\"><style scoped>#box-3 .icon-wrap {background-color:#FFAF23;}.content-box.v1 #box-3:hover {background-color:#FFAF23;}.content-box.v1 #box-3:hover .icon-wrap i {color:#FFAF23!important;}.content-box #box-3 .icon-wrap-border {border-color:rgba(255,175,35,0.7);}#box-3 .icon-wrap i {color:#FFFFFF;}<\/style><div class=\"icon-container\"><div class=\"icon-wrap-border\"><div class=\"icon-wrap\"><i class=\"fa fa-fa fa-pie-chart\"><\/i><\/div><\/div><\/div><div class='box-text'><p class=\"box-content\">Een voorzichtige en gediversifieerde investeringsstrategie met <strong>zorgvuldig uitgekozen partners,<\/strong>\u00a0op basis van hun expertise en de kwaliteit van hun project.<\/p><\/div><\/div><\/div>[\/vc_column_text][\/vc_column][\/vc_row][vc_row][vc_column width=&#8221;1\/3&#8243;][vc_column_text]<div id=\"content-box-4\" class=\"child-element-shortcode content-box v2 animate-no ninzio-clearfix columns-1\"><div id=\"box-4\" class=\"box\"><style scoped>#box-4 .icon-wrap {background-color:#FFAF23;}.content-box.v1 #box-4:hover {background-color:#FFAF23;}.content-box.v1 #box-4:hover .icon-wrap i {color:#FFAF23!important;}.content-box #box-4 .icon-wrap-border {border-color:rgba(255,175,35,0.7);}#box-4 .icon-wrap i {color:#FFFFFF;}<\/style><div class=\"icon-container\"><div class=\"icon-wrap-border\"><div class=\"icon-wrap\"><i class=\"fa fa-fa fa-group\"><\/i><\/div><\/div><\/div><div class='box-text'><p class=\"box-content\">Een <strong>participatief model<\/strong> en transparente werkwijzen, een jaarlijkse algemene vergadering waarop de rekeningen worden toegelicht, de beheerraad wordt aangesteld, \u00e9\u00e9n co\u00f6perant = \u00e9\u00e9n stem.<\/p><\/div><\/div><\/div>[\/vc_column_text][\/vc_column][vc_column width=&#8221;1\/3&#8243;][vc_column_text]<div id=\"content-box-5\" class=\"child-element-shortcode content-box v2 animate-no ninzio-clearfix columns-1\"><div id=\"box-5\" class=\"box\"><style scoped>#box-5 .icon-wrap {background-color:#FFAF23;}.content-box.v1 #box-5:hover {background-color:#FFAF23;}.content-box.v1 #box-5:hover .icon-wrap i {color:#FFAF23!important;}.content-box #box-5 .icon-wrap-border {border-color:rgba(255,175,35,0.7);}#box-5 .icon-wrap i {color:#FFFFFF;}<\/style><div class=\"icon-container\"><div class=\"icon-wrap-border\"><div class=\"icon-wrap\"><i class=\"fa fa-fa fa-search\"><\/i><\/div><\/div><\/div><div class='box-text'><p class=\"box-content\">Een <a href=\"\/nl\/ons-team\/\">beheerraad <\/a>met een pak expertise en competenties (met financi\u00eble profielen, managers, technische experten in energietransitieprojecten) om de <strong>door ENERGIRIS gefinancierde projecten te selecteren en optimaliseren<\/strong>.<\/p><\/div><\/div><\/div>[\/vc_column_text][\/vc_column][vc_column last=&#8221;yes&#8221; width=&#8221;1\/3&#8243;][vc_column_text]<div id=\"content-box-6\" class=\"child-element-shortcode content-box v2 animate-no ninzio-clearfix columns-1\"><div id=\"box-6\" class=\"box\"><style scoped>#box-6 .icon-wrap {background-color:#FFAF23;}.content-box.v1 #box-6:hover {background-color:#FFAF23;}.content-box.v1 #box-6:hover .icon-wrap i {color:#FFAF23!important;}.content-box #box-6 .icon-wrap-border {border-color:rgba(255,175,35,0.7);}#box-6 .icon-wrap i {color:#FFFFFF;}<\/style><div class=\"icon-container\"><div class=\"icon-wrap-border\"><div class=\"icon-wrap\"><i class=\"fa fa-fa fa-percent\"><\/i><\/div><\/div><\/div><div class='box-text'><p class=\"box-content\">Een rendement dat tot 6% dividend kan opleveren (de 7 laatste jaren, <strong>3%<\/strong> <strong>dividend<\/strong> door de AV toegekend) en het herinvesteren van het saldo in andere projecten die kaderen binnen de missie van de energietransitie.<\/p><\/div><\/div><\/div>[\/vc_column_text][\/vc_column][\/vc_row]<\/p>\n","protected":false},"excerpt":{"rendered":"<p>[vc_row][vc_column width=&#8221;1\/3&#8243;][vc_column_text][\/vc_column_text][\/vc_column][vc_column width=&#8221;1\/3&#8243;][vc_column_text][\/vc_column_text][\/vc_column][vc_column last=&#8221;yes&#8221; width=&#8221;1\/3&#8243;][vc_column_text][\/vc_column_text][\/vc_column][\/vc_row][vc_row][vc_column width=&#8221;1\/3&#8243;][vc_column_text][\/vc_column_text][\/vc_column][vc_column width=&#8221;1\/3&#8243;][vc_column_text][\/vc_column_text][\/vc_column][vc_column last=&#8221;yes&#8221; width=&#8221;1\/3&#8243;][vc_column_text][\/vc_column_text][\/vc_column][\/vc_row]<\/p>\n","protected":false},"author":144,"featured_media":0,"parent":0,"menu_order":0,"comment_status":"closed","ping_status":"closed","template":"","meta":{"footnotes":""},"class_list":["post-2364","page","type-page","status-publish","hentry"],"_links":{"self":[{"href":"http:\/\/energiris.coop\/nl\/wp-json\/wp\/v2\/pages\/2364","targetHints":{"allow":["GET"]}}],"collection":[{"href":"http:\/\/energiris.coop\/nl\/wp-json\/wp\/v2\/pages"}],"about":[{"href":"http:\/\/energiris.coop\/nl\/wp-json\/wp\/v2\/types\/page"}],"author":[{"embeddable":true,"href":"http:\/\/energiris.coop\/nl\/wp-json\/wp\/v2\/users\/144"}],"replies":[{"embeddable":true,"href":"http:\/\/energiris.coop\/nl\/wp-json\/wp\/v2\/comments?post=2364"}],"version-history":[{"count":5,"href":"http:\/\/energiris.coop\/nl\/wp-json\/wp\/v2\/pages\/2364\/revisions"}],"predecessor-version":[{"id":3678,"href":"http:\/\/energiris.coop\/nl\/wp-json\/wp\/v2\/pages\/2364\/revisions\/3678"}],"wp:attachment":[{"href":"http:\/\/energiris.coop\/nl\/wp-json\/wp\/v2\/media?parent=2364"}],"curies":[{"name":"wp","href":"https:\/\/api.w.org\/{rel}","templated":true}]}}